{"id":1409,"date":"2022-06-23T02:42:36","date_gmt":"2022-06-23T02:42:36","guid":{"rendered":"\/fr\/?page_id=1409"},"modified":"2022-08-16T04:05:34","modified_gmt":"2022-08-16T04:05:34","slug":"panorama-residence-secondaire","status":"publish","type":"page","link":"https:\/\/www.larosearchitecture.com\/fr\/temoignages\/panorama-residence-secondaire\/","title":{"rendered":"Panorama &#8211; r\u00e9sidence secondaire"},"content":{"rendered":"<p>De style contemporain tant souhait\u00e9 notre maison a \u00e9t\u00e9 con\u00e7ue pour s&rsquo;int\u00e9grer au terrain accident\u00e9, offrant un potentiel panoramique incroyable et nous donner l&rsquo;impression de vivre \u00e0 m\u00eame la nature pour profiter du panorama en 4 actes. Nous avons depuis 1 an le sentiment de vivre dans une maison qui flotte dans les nuages et qui se transforme au gr\u00e9 des 4 saisons; le paysage toujours changeant nous donne l&rsquo;effet d&rsquo;avoir 4 maisons pour le prix de une!!! L&rsquo;\u00e9t\u00e9 comme hiver, les fen\u00eatres panoramiques offrent une opportunit\u00e9 de prolongement de maison, c&rsquo;est comme si l&rsquo;ext\u00e9rieur faisait parti de l&rsquo;int\u00e9rieur et vice-versa: nous donne donc un sentiment de libert\u00e9 et de grands espaces. L&#8217;emplacement de la maison en bordure d&rsquo;une piste de ski et face au Lac Memphr\u00e9magog nous offre le meilleur des 2 mondes : des pistes de ski alpins au pied de notre maison nous permettant de profiter du sport favori de la famille tout en ayant une vue \u00e0 180 degr\u00e9 sur l&rsquo;un des plus beau lac du Qu\u00e9bec et montagnes environnantes&#8230;<\/p>\n<p>La maison a \u00e9t\u00e9 pens\u00e9e et con\u00e7u avec des mat\u00e9riaux ext\u00e9rieurs s&rsquo;agen\u00e7ant avec la nature pour faciliter l&rsquo;int\u00e9gration avec les grands rochers et arbres environnant la maison. \u00c0 l&rsquo;int\u00e9rieur, le plancher de b\u00e9ton chauffant, les grandes fen\u00eatres (plancher aux plafonds) nous offre la simplicit\u00e9, bien-\u00eatre sans pr\u00e9tention et surtout un d\u00e9cor d\u00e8s plus zen: quoi de mieux comme d\u00e9cor qu&rsquo;un mur fait de nuages, lac, montagnes et Bambi m\u00e2chouillant un peu d&rsquo;herbe? Vraiment la magie de cette maison c&rsquo;est simple : c&rsquo;est la conception int\u00e9rieure et ext\u00e9rieur efficace pour maximiser chaque parcelle de terrain, chaque points de vue, un style \u00e9pur\u00e9, de grands espaces o\u00f9 il fait bon vivre, se reposer et partager de bons moments entre amis. Notre maison est devenue rapidement le lieu de rencontres des adolescents de la montagne et de leurs parents. Milles merci \u00e0 Alexandre notre architecte qui a si bien compris nos besoins et nous permettre de vivre se r\u00eave qui ne se termine jamais et toujours vivant&#8230;en 4 actes.<\/p>\n<p>M\u00eame si le d\u00e9cor et l&rsquo;\u00e9motion sont au premier plan dans cette demeure, tout l&rsquo;aspect pratique a \u00e9t\u00e9 pens\u00e9 pour donner \u00e0 notre famille des espaces int\u00e9rieurs et ext\u00e9rieurs de qualit\u00e9&#8230;et vivre confortablement.<\/p>\n<p>Les propri\u00e9taires et occupants :<br \/>\nJacynthe Leclerc, Pierre Savary et leurs enfants Catherine 11 ans et William 14 ans.<\/p>\n<hr class=\"big-separation\">\n<h2>\u00c9loge du projet Savary<\/h2>\n<p>Les visites sur le site constituent pour le CCU un outil essentiel et, en tant que membre chevronn\u00e9e, ma premi\u00e8re excursion sur le terrain de M. Savary m\u2019a amen\u00e9e \u00e0 mettre en doute la sagesse de construire \u00e0 un tel endroit. Le terrain ne comporte aucun plateau notable. Les escarpements gris, malgr\u00e9 le fait qu\u2019ils soient quelque peu gradu\u00e9s, s\u2019\u00e9l\u00e8vent presque \u00e0 la verticale \u00e0 partir du chemin. De toute \u00e9vidence, cet endroit conviendrait mieux \u00e0 un faucon ou un aigle. Il n\u2019est pas destin\u00e9 \u00e0 \u00eatre habit\u00e9 par des humains. \u00c0 quoi pensaient-ils? Les angles \u00e9taient difficiles, voire impossibles \u00e0 imaginer. Le drainage et la mise en place des services d\u00e9passaient l\u2019imagination. Le stationnement aussi serait probl\u00e9matique. La construction serait exigeante. Mon vote penchait vers le \u00ab non \u00bb.<\/p>\n<p>\u00c0 la rencontre suivante du CCU, six personnes ont \u00e9cout\u00e9 attentivement Alexandre McCallum pr\u00e9senter la maquette d\u2019une simplicit\u00e9 saisissante de sa vision : les courbes de niveau de la montagne \u00e9taient fid\u00e8lement reproduites, l\u2019acc\u00e8s au site \u00e9tait indiqu\u00e9, la maison \u00e9tait en place. Tous les aspects du projet \u00e9taient adress\u00e9s. En moins de vingt minutes, nous partagions sa vision. Mes r\u00e9serves s\u2019\u00e9taient dissoutes et j\u2019avais remarqu\u00e9 que le propri\u00e9taire semblait parfaitement \u00e0 l\u2019aise avec les explications de son architecte, un facteur d\u00e9terminant pour moi. La pr\u00e9sentation \u00e9tait pr\u00e9cise et conviviale. Tous les crit\u00e8res du PIIA \u00e9taient respect\u00e9s. Le vote qui suivit \u00e9tait unanimement en faveur du projet.<\/p>\n<p>\u00c0 la fin du mois d\u2019ao\u00fbt, le CCU a visit\u00e9 de nouveau le projet Savary. La stup\u00e9fiante \u00e9l\u00e9gance de la r\u00e9sidence Savary \u00e9tait \u00e0 couper le souffle. Les lignes pures et nettes mettaient en valeur la parfaite harmonie entre l\u2019ancien et le moderne. Magnifique! Alexandre McCallum a offert \u00e0 Pierre, Jacynthe et leurs enfants leur maison de r\u00eave. Sur la toile de fond de basalte accident\u00e9e d\u2019Owl\u2019s Head o\u00f9 la nature ne rend aucune construction facile, le design de Larose McCallum constitue un mariage id\u00e9al d\u2019imagination et de vision. Le r\u00e9sultat est incroyablement \u00e9l\u00e9gant.<\/p>\n<p>Sandra Jewett<br \/>\nMembre du CCU<br \/>\nMunicipalit\u00e9 du canton de Potton<br \/>\nR\u00e9sidant depuis toujours au pied d\u2019Owl\u2019s Head!!!!!!!!!<\/p>\n<hr class=\"big-separation\">\n<p>Vendredi, le 13 septembre 2013<\/p>\n<p>Neve Construction a eu l&rsquo;immense privil\u00e8ge de travailler avec le bureau Larose McCallum architectes en 2012 lors de la construction de la r\u00e9sidence Savary-Leclerc sur le Mont Owl&rsquo;s Head. La construction de ce projet a n\u00e9cessit\u00e9 une grande implication, comportait son lot de d\u00e9fis consid\u00e9rables dus \u00e0 la complexit\u00e9 du site, compte tenu du fait qu\u2019\u00e0 prime abord, une construction semblait impossible sur un site si escarp\u00e9.<\/p>\n<p>Ce projet \u00e9tant si novateur dans la r\u00e9gion, la disponibilit\u00e9 et l\u2019implication de l\u2019urbaniste Hughes Thivierge ainsi que de l\u2019Inspectrice en b\u00e2timents et en environnement Marie-Claude Lamy dans les nombreuses discussions portant sur la r\u00e9glementation municipale en vigueur ont \u00e9t\u00e9 consid\u00e9rablement appr\u00e9ci\u00e9es tout au long du processus.<\/p>\n<p>Le processus s&rsquo;est d\u00e9roul\u00e9 dans la plus grande harmonie et le plus grand respect. Gr\u00e2ce \u00e0 l\u2019implication de tous et chacun, des solutions novatrices et cr\u00e9atives ont pu \u00eatre apport\u00e9es dans le cadre de ce projet techniquement exigeant. Ce fut un r\u00e9el plaisir pour nous de travailler sur ce projet avec Alexandre McCallum. Sa grande ouverture, son enthousiasme, sa patience et sa d\u00e9termination face aux obstacles ont rendu notre partenariat plus qu\u2019agr\u00e9able. Nous esp\u00e9rons travailler de nouveau avec lui.<\/p>\n<p>Le r\u00e9sultat final de ce projet en est un dont nous sommes excessivement fiers. De plus, nous croyons que cette r\u00e9sidence, de par son architecture unique, est une premi\u00e8re dans le domaine du Mont Owl\u2019s Head. Nul doute que ceci inspirera d\u2019autres futurs propri\u00e9taires \u00e0 concevoir des r\u00e9sidences uniques, contemporaines et bien int\u00e9gr\u00e9es au paysage dans la r\u00e9gion.<\/p>\n<p>Michael Robert Cyr<br \/>\nNeve Construction<\/p>\n<p class=\"testimonials-back\"><a href=\"\/fr\/temoignages\/\">Retour \u00e0 T\u00e9moigages<\/a><\/p>\n","protected":false},"excerpt":{"rendered":"<p>De style contemporain tant souhait\u00e9 notre maison a \u00e9t\u00e9 con\u00e7ue pour s&rsquo;int\u00e9grer au terrain accident\u00e9, offrant un potentiel panoramique incroyable et nous donner l&rsquo;impression de vivre \u00e0 m\u00eame la nature pour profiter du panorama en 4 actes. Nous avons depuis 1 an le sentiment de vivre dans une maison qui flotte dans les nuages et [&hellip;]<\/p>\n","protected":false},"author":6,"featured_media":0,"parent":1223,"menu_order":0,"comment_status":"closed","ping_status":"closed","template":"page.php","meta":{"footnotes":""},"class_list":["post-1409","page","type-page","status-publish","hentry"],"_links":{"self":[{"href":"https:\/\/www.larosearchitecture.com\/fr\/wp-json\/wp\/v2\/pages\/1409"}],"collection":[{"href":"https:\/\/www.larosearchitecture.com\/fr\/wp-json\/wp\/v2\/pages"}],"about":[{"href":"https:\/\/www.larosearchitecture.com\/fr\/wp-json\/wp\/v2\/types\/page"}],"author":[{"embeddable":true,"href":"https:\/\/www.larosearchitecture.com\/fr\/wp-json\/wp\/v2\/users\/6"}],"replies":[{"embeddable":true,"href":"https:\/\/www.larosearchitecture.com\/fr\/wp-json\/wp\/v2\/comments?post=1409"}],"version-history":[{"count":7,"href":"https:\/\/www.larosearchitecture.com\/fr\/wp-json\/wp\/v2\/pages\/1409\/revisions"}],"predecessor-version":[{"id":2200,"href":"https:\/\/www.larosearchitecture.com\/fr\/wp-json\/wp\/v2\/pages\/1409\/revisions\/2200"}],"up":[{"embeddable":true,"href":"https:\/\/www.larosearchitecture.com\/fr\/wp-json\/wp\/v2\/pages\/1223"}],"wp:attachment":[{"href":"https:\/\/www.larosearchitecture.com\/fr\/wp-json\/wp\/v2\/media?parent=1409"}],"curies":[{"name":"wp","href":"https:\/\/api.w.org\/{rel}","templated":true}]}}